{"id":4538,"date":"2022-08-23T14:34:14","date_gmt":"2022-08-23T14:34:14","guid":{"rendered":"https:\/\/glamour-fresh.com\/?page_id=4538"},"modified":"2023-03-06T11:47:36","modified_gmt":"2023-03-06T11:47:36","slug":"cookie-richtlinie","status":"publish","type":"page","link":"https:\/\/glamour-fresh.com\/de\/cookie-richtlinie\/","title":{"rendered":"Cookie-Richtlinie"},"content":{"rendered":"<div class=\"fusion-fullwidth fullwidth-box fusion-builder-row-1 fusion-flex-container nonhundred-percent-fullwidth non-hundred-percent-height-scrolling\" style=\"--awb-border-sizes-top:0px;--awb-border-sizes-bottom:1px;--awb-border-sizes-left:0px;--awb-border-sizes-right:0px;--awb-border-color:var(--awb-color4);--awb-border-radius-top-left:0px;--awb-border-radius-top-right:0px;--awb-border-radius-bottom-right:0px;--awb-border-radius-bottom-left:0px;--awb-padding-top:10px;--awb-padding-bottom:10px;--awb-flex-wrap:wrap;\" ><div class=\"fusion-builder-row fusion-row fusion-flex-align-items-center fusion-flex-content-wrap\" style=\"max-width:1320.8px;margin-left: calc(-4% \/ 2 );margin-right: calc(-4% \/ 2 );\"><div class=\"fusion-layout-column fusion_builder_column fusion-builder-column-0 fusion_builder_column_1_2 1_2 fusion-flex-column\" style=\"--awb-bg-size:cover;--awb-width-large:50%;--awb-margin-top-large:25px;--awb-spacing-right-large:3.84%;--awb-margin-bottom-large:25px;--awb-spacing-left-large:3.84%;--awb-width-medium:83.333333333333%;--awb-order-medium:0;--awb-spacing-right-medium:2.304%;--awb-spacing-left-medium:2.304%;--awb-width-small:83.333333333333%;--awb-order-small:0;--awb-spacing-right-small:2.304%;--awb-spacing-left-small:2.304%;\"><div class=\"fusion-column-wrapper fusion-column-has-shadow fusion-flex-justify-content-flex-start fusion-content-layout-column\"><div class=\"fusion-title title fusion-title-1 fusion-sep-none fusion-title-text fusion-title-size-two\" style=\"--awb-margin-bottom:5px;\"><h2 class=\"fusion-title-heading title-heading-left fusion-responsive-typography-calculated\" style=\"margin:0;--fontSize:44;line-height:1.2;\">Cookie-Richtlinie<\/h2><\/div><\/div><\/div><div class=\"fusion-layout-column fusion_builder_column fusion-builder-column-1 fusion_builder_column_1_2 1_2 fusion-flex-column\" style=\"--awb-bg-size:cover;--awb-width-large:50%;--awb-margin-top-large:25px;--awb-spacing-right-large:3.84%;--awb-margin-bottom-large:25px;--awb-spacing-left-large:3.84%;--awb-width-medium:16.666666666667%;--awb-order-medium:0;--awb-spacing-right-medium:11.52%;--awb-spacing-left-medium:11.52%;--awb-width-small:16.666666666667%;--awb-order-small:0;--awb-spacing-right-small:11.52%;--awb-spacing-left-small:11.52%;\"><div class=\"fusion-column-wrapper fusion-column-has-shadow fusion-flex-justify-content-flex-start fusion-content-layout-column\"><div class=\"fusion-image-element \" style=\"text-align:right;--awb-max-width:40px;--awb-caption-title-font-family:var(--h2_typography-font-family);--awb-caption-title-font-weight:var(--h2_typography-font-weight);--awb-caption-title-font-style:var(--h2_typography-font-style);--awb-caption-title-size:var(--h2_typography-font-size);--awb-caption-title-transform:var(--h2_typography-text-transform);--awb-caption-title-line-height:var(--h2_typography-line-height);--awb-caption-title-letter-spacing:var(--h2_typography-letter-spacing);\"><span class=\" fusion-imageframe imageframe-none imageframe-1 hover-type-none\"><img decoding=\"async\" width=\"62\" height=\"64\" src=\"data:image\/svg+xml,%3Csvg%20xmlns%3D%27http%3A%2F%2Fwww.w3.org%2F2000%2Fsvg%27%20width%3D%2762%27%20height%3D%2764%27%20viewBox%3D%270%200%2062%2064%27%3E%3Crect%20width%3D%2762%27%20height%3D%2764%27%20fill-opacity%3D%220%22%2F%3E%3C%2Fsvg%3E\" data-orig-src=\"https:\/\/glamour-fresh.com\/wp-content\/uploads\/2022\/06\/Favicon-Glamour-Fresh.png\" alt class=\"lazyload img-responsive wp-image-4041\"\/><\/span><\/div><\/div><\/div><\/div><\/div><div class=\"fusion-fullwidth fullwidth-box fusion-builder-row-2 fusion-flex-container nonhundred-percent-fullwidth non-hundred-percent-height-scrolling\" style=\"--awb-border-radius-top-left:0px;--awb-border-radius-top-right:0px;--awb-border-radius-bottom-right:0px;--awb-border-radius-bottom-left:0px;--awb-padding-top:3%;--awb-flex-wrap:wrap;\" ><div class=\"fusion-builder-row fusion-row fusion-flex-align-items-flex-start fusion-flex-content-wrap\" style=\"max-width:1320.8px;margin-left: calc(-4% \/ 2 );margin-right: calc(-4% \/ 2 );\"><div class=\"fusion-layout-column fusion_builder_column fusion-builder-column-2 fusion_builder_column_1_1 1_1 fusion-flex-column\" style=\"--awb-bg-size:cover;--awb-width-large:100%;--awb-margin-top-large:0px;--awb-spacing-right-large:1.92%;--awb-margin-bottom-large:0px;--awb-spacing-left-large:1.92%;--awb-width-medium:100%;--awb-spacing-right-medium:1.92%;--awb-spacing-left-medium:1.92%;--awb-width-small:100%;--awb-spacing-right-small:1.92%;--awb-spacing-left-small:1.92%;\"><div class=\"fusion-column-wrapper fusion-flex-justify-content-flex-start fusion-content-layout-column\"><div class=\"fusion-text fusion-text-1\"><\/p>\n<p><b style=\"font-size: 20px;\" data-fusion-font=\"true\">Was sind Cookies?<\/b><\/p>\n<p>Ein Cookie ist eine Datei, die auf Ihren Computer heruntergeladen wird, wenn Sie auf bestimmte Webseiten zugreifen. Cookies erm\u00f6glichen es einer Webseite unter anderem, Informationen \u00fcber die Surfgewohnheiten eines Benutzers oder seines Ger\u00e4ts zu speichern und abzurufen, und je nach den darin enthaltenen Informationen und der Art und Weise, wie er sein Ger\u00e4t verwendet, k\u00f6nnen sie verwendet werden, um den Benutzer wiederzuerkennen .<\/p>\n<p>Cookies werden nur einem anonymen Benutzer und seinem Computer zugeordnet und liefern keine Hinweise, die R\u00fcckschl\u00fcsse auf die pers\u00f6nlichen Daten des Benutzers zulassen.<\/p>\n<p>Registrierte Benutzer, die sich registrieren oder eingeloggt haben, k\u00f6nnen dank der Kombination der in den Cookies gespeicherten Daten mit den zum Zeitpunkt ihres Besuchs verwendeten personenbezogenen Daten von st\u00e4rker personalisierten, auf ihr Profil ausgerichteten Diensten profitieren Anmeldung. . Besagte Benutzer genehmigen ausdr\u00fccklich die Verwendung dieser Informationen f\u00fcr den angegebenen Zweck, unbeschadet ihres Rechts, die Verwendung von Cookies abzulehnen oder zu deaktivieren.<\/p>\n<p><b style=\"font-size: 20px;\" data-fusion-font=\"true\">Typologie, Zweck und Funktionsweise von Cookies im Allgemeinen.<\/b><\/p>\n<p><b>1. <\/b><span style=\"background-color: rgba(255, 255, 255, 0); color: var(--body_typography-color); font-family: var(--body_typography-font-family); font-size: var(--body_typography-font-size); font-style: var(--body_typography-font-style,normal); letter-spacing: var(--body_typography-letter-spacing);\"><b>Arten von Cookies nach dem Zeitraum, in dem sie aktiviert bleiben.<\/b><\/span><\/p>\n<p>Nach dem Zeitraum, in dem sie im Endger\u00e4t aktiviert bleiben, k\u00f6nnen wir unterscheiden:<\/p>\n<ul>\n<li><b>Sitzungscookies:<\/b> Sie sind eine Art von Cookies, die entwickelt wurden, um Daten zu sammeln und zu speichern, w\u00e4hrend der Benutzer auf eine Webseite zugreift. Sie werden normalerweise verwendet, um Informationen zu speichern, die nur f\u00fcr die Bereitstellung des vom Benutzer angeforderten Dienstes bei einer einzigen Gelegenheit von Interesse sind (z. B. eine Liste gekaufter Produkte).<\/li>\n<li><b>Persistente Cookies:<\/b> Sie sind eine Art von Cookies, bei denen die Daten weiterhin im Endger\u00e4t gespeichert werden und f\u00fcr einen von der f\u00fcr das Cookie verantwortlichen Person festgelegten Zeitraum, der von wenigen Minuten bis zu mehreren Jahren reichen kann, abgerufen und verarbeitet werden k\u00f6nnen.<\/li>\n<\/ul>\n<p><b>2. <\/b><span style=\"background-color: rgba(255, 255, 255, 0); color: var(--body_typography-color); font-family: var(--body_typography-font-family); font-size: var(--body_typography-font-size); font-style: var(--body_typography-font-style,normal); letter-spacing: var(--body_typography-letter-spacing);\"><b>Arten von Cookies nach der Entit\u00e4t, die sie verwaltet.<\/b><\/span><\/p>\n<p>Je nachdem, wer die Einheit ist, die den Computer oder die Dom\u00e4ne verwaltet, von der die Cookies gesendet werden, und die erhaltenen Daten verarbeitet, k\u00f6nnen wir unterscheiden:<\/p>\n<ul>\n<li><b>Eigene Cookies:<\/b> Dies sind diejenigen, die von einem Computer oder einer Dom\u00e4ne, die vom Herausgeber selbst verwaltet werden und von denen aus der vom Benutzer angeforderte Dienst bereitgestellt wird, an das Endger\u00e4t des Benutzers gesendet werden.<\/li>\n<li><b>Cookies von Drittanbietern:<\/b> Dies sind diejenigen, die von einem Computer oder einer Dom\u00e4ne, die nicht vom Herausgeber verwaltet werden, sondern von einer anderen Stelle, die die durch Cookies erhaltenen Daten verarbeitet, an das Endger\u00e4t des Benutzers gesendet werden.<\/li>\n<\/ul>\n<p><b>3. <\/b><span style=\"background-color: rgba(255, 255, 255, 0); color: var(--body_typography-color); font-family: var(--body_typography-font-family); font-size: var(--body_typography-font-size); font-style: var(--body_typography-font-style,normal); letter-spacing: var(--body_typography-letter-spacing);\"><b>Arten von Cookies nach ihrem Zweck.<\/b><\/span><\/p>\n<p>Je nach Zweck, f\u00fcr den die durch Cookies gewonnenen Daten verarbeitet werden, k\u00f6nnen wir unterscheiden zwischen:<\/p>\n<p><b style=\"font-size: 20px;\" data-fusion-font=\"true\">Notwendig:<\/b><\/p>\n<ul>\n<li><b>Technische Cookies:<\/b> Dies sind diejenigen, die es dem Benutzer erm\u00f6glichen, durch eine Webseite, Plattform oder Anwendung zu navigieren und die verschiedenen darin vorhandenen Optionen oder Dienste zu nutzen, wie z auf Teile zugreifen, sich an die Elemente einer Bestellung erinnern, den Kaufvorgang einer Bestellung durchf\u00fchren, die Registrierung oder Teilnahme an einer Veranstaltung beantragen, Sicherheitselemente w\u00e4hrend der Navigation verwenden, Inhalte f\u00fcr die Verbreitung von Videos oder Ton speichern oder Inhalte \u00fcber soziale Netzwerke teilen Netzwerke.<\/li>\n<li><b>Personalisierungs-Cookies:<\/b> Dies sind diejenigen, die es dem Benutzer erm\u00f6glichen, auf den Dienst mit einigen vordefinierten allgemeinen Merkmalen zuzugreifen, die auf einer Reihe von Kriterien im Endger\u00e4t des Benutzers basieren, wie z. B. der Sprache, dem Browsertyp, \u00fcber den der Benutzer auf den Dienst zugreift Konfiguration, von wo aus Sie auf den Dienst zugreifen usw.<\/li>\n<\/ul>\n<p><b style=\"font-size: 20px;\" data-fusion-font=\"true\">Nicht n\u00f6tig:<\/b><\/p>\n<ul>\n<li><b>Analyse-Cookies:<\/b> Dies sind solche, die es der f\u00fcr sie Verantwortlichen erm\u00f6glichen, das Verhalten der Benutzer der Websites, auf die sie verweisen, zu \u00fcberwachen und zu analysieren. Die durch diese Art von Cookies gesammelten Informationen werden verwendet, um die Aktivit\u00e4t der Websites, Anwendungen oder Plattformen zu messen und Browsing-Profile der Benutzer dieser Websites, Anwendungen und Plattformen zu erstellen, um Verbesserungen in Funktion der Analyse der Nutzung einzuf\u00fchren Daten, die von den Benutzern des Dienstes gemacht werden.<\/li>\n<li><b>Werbe-Cookies:<\/b> Dies sind diejenigen, die eine m\u00f6glichst effiziente Verwaltung der Werbefl\u00e4chen erm\u00f6glichen, die der Herausgeber gegebenenfalls in eine Webseite, Anwendung oder Plattform aufgenommen hat, von der aus der angeforderte Dienst auf der Grundlage von Kriterien wie z wie bearbeiteter Inhalt oder wie oft Anzeigen gezeigt werden.<\/li>\n<li><b>Verhaltensbezogene Werbe-Cookies:<\/b> Dies sind diejenigen, die die effizienteste Verwaltung der Werbefl\u00e4chen erm\u00f6glichen, die der Herausgeber gegebenenfalls in eine Webseite, Anwendung oder Plattform aufgenommen hat, von der aus der angeforderte Dienst bereitgestellt wird. Diese Cookies speichern Informationen \u00fcber das Verhalten der Benutzer, die durch die kontinuierliche Beobachtung ihrer Surfgewohnheiten gewonnen werden, was die Entwicklung eines spezifischen Profils erm\u00f6glicht, um darauf basierende Werbung anzuzeigen.<\/li>\n<\/ul>\n<p><b style=\"font-size: 20px;\" data-fusion-font=\"true\">Zustimmung und Autorisierung f\u00fcr die Verwendung von Cookies<\/b><\/p>\n<p>Wenn Sie zum ersten Mal auf diese Website zugreifen, sehen Sie einen Bereich oder ein Banner, in dem Sie \u00fcber die Verwendung von Cookies informiert werden und in dem Sie die Cookie-Konfigurationsoptionen konfigurieren k\u00f6nnen. Wenn Sie der Verwendung von Cookies zustimmen, klicken Sie auf \u201eAkzeptieren\u201c, andernfalls klicken Sie auf \u201eAblehnen\u201c, um die Aktivierung unn\u00f6tiger Cookies zu beenden.<\/p>\n<p><b style=\"font-size: 20px;\" data-fusion-font=\"true\">Welche Arten von Cookies verwendet diese bestimmte Website?<\/b><\/p>\n<p>Definition, Identifizierung und Zweck der Cookies auf dieser Website nicht von der LSSI ausgenommen. <span style=\"background-color: rgba(255, 255, 255, 0); color: var(--body_typography-color); font-family: var(--body_typography-font-family); font-size: var(--body_typography-font-size); font-style: var(--body_typography-font-style,normal); font-weight: var(--body_typography-font-weight); letter-spacing: var(--body_typography-letter-spacing);\">Dies w\u00e4ren:<\/span><\/p>\n<ul>\n<li><b>Analyse-Cookies:<\/b> Dies sind diejenigen, die von uns oder Dritten gut behandelt werden und es uns erm\u00f6glichen, die Anzahl der Benutzer zu quantifizieren und somit die Messung und statistische Analyse der Nutzung des angebotenen Dienstes durch die Benutzer durchzuf\u00fchren. Dazu wird Ihr Surfen auf unserer Website analysiert, um das Angebot an Produkten oder Dienstleistungen, die wir Ihnen anbieten, zu verbessern.<\/li>\n<\/ul>\n<p><b style=\"font-size: 20px;\" data-fusion-font=\"true\">Identifizierung von Cookies und Zweck.<\/b><\/p>\n<p>Herausgebername, Cookie-Name, \u201eTyp\u201c und Zweck.<\/p>\n<p><b>_GA, _GAT, _GID<\/b><\/p>\n<ul>\n<li>Typ: DRITTE<\/li>\n<li>Name: GOOGLE<\/li>\n<li>Zweck: SIE SPEICHERN EINE EINZIGARTIGE KUNDENKENNUNG UND DIENEN DER STEUERUNG EINZIGARTIGER BESUCHE, BENUTZERDATEN, KAMPAGNEN&#8230;<\/li>\n<li>Mehr Informationen: <a href=\"https:\/\/developers.google.com\/analytics\/devguides\/collection\/analyticsjs\/cookie-usage?hl=es-419\" target=\"_blank\" rel=\"noopener noreferrer\">https:\/\/developers.google.com\/analytics\/devguides\/collection\/analyticsjs\/cookie-usage?hl=es-419<\/a><\/li>\n<\/ul>\n<p><b>NID<\/b><\/p>\n<ul>\n<li>Typ: DRITTE<\/li>\n<li>Name: GOOGLE INC.<\/li>\n<li>Zweck: DAS NID-COOKIE KANN IHRE PR\u00c4FERENZEN UND ANDERE INFORMATIONEN SPEICHERN, INSBESONDERE IHRE BEVORZUGTE SPRACHE (ZUM BEISPIEL ENGLISCH) SOWIE DIE ANZAHL DER SUCHERGEBNISSE, DIE SIE PRO SEITE ANZEIGEN WOLLEN.<\/li>\n<li>Mehr Informationen: <a href=\"https:\/\/policies.google.com\/technologies\/types?hl=es\" target=\"_blank\" rel=\"noopener noreferrer\">https:\/\/policies.google.com\/technologies\/types?hl=es<\/a><\/li>\n<\/ul>\n<p><b style=\"font-size: 20px;\" data-fusion-font=\"true\">Browserkonfiguration zum Widerruf und Widerruf der Einwilligung zur Verwendung von Cookies.<\/b><\/p>\n<p>GLAMOUR FRESH S.L. erinnert seine Webbenutzer daran, dass die Verwendung von Cookies von ihrer Zustimmung w\u00e4hrend der Installation oder Aktualisierung des von ihnen verwendeten Browsers abh\u00e4ngig sein kann. Diese Zustimmung kann durch die darin verf\u00fcgbaren Inhalts- und Datenschutzkonfigurationsoptionen widerrufen werden. GLAMOUR FRESH S.L. empfiehlt seinen Benutzern, die Hilfe ihres Browsers zu konsultieren oder auf die Hilfe-Webseiten der wichtigsten Browser zuzugreifen:<\/p>\n<ul>\n<li>Firefox: <a href=\"https:\/\/support.mozilla.org\/es\/kb\/habilitar-y-deshabilitar-cookies-sitios-web-ra-trear-preferencias\" target=\"_blank\" rel=\"noopener noreferrer\">https:\/\/support.mozilla.org\/es\/kb\/habilitar-y-deshabilitar-cookies-sitios-web-ra-trear-preferencias<\/a><\/li>\n<li>Chrome: <a href=\"https:\/\/support.google.com\/chrome\/answer\/95647?co=GENIE.Platform%3DDesktop&amp;hl=es -419\" target=\"_blank\" rel=\"noopener noreferrer\">https:\/\/support.google.com\/chrome\/answer\/95647?co=GENIE.Platform%3DDesktop&amp;hl=es -419<\/a><\/li>\n<li>Explorer: <a href=\"https:\/\/support.microsoft.com\/es-es\/help\/17442\/windows-internet-explorer-de-ete-manage-cookies\" target=\"_blank\" rel=\"noopener noreferrer\">https:\/\/support.microsoft.com\/es-es\/help\/17442\/windows-internet-explorer-de-ete-manage-cookies<\/a><\/li>\n<li>Safari: <a href=\"https:\/\/support.apple.com\/es-es\/guide\/safari\/sfri11471\/mac\" target=\"_blank\" rel=\"noopener noreferrer\">https:\/\/support.apple.com\/es-es\/guide\/safari\/sfri11471\/mac<\/a><\/li>\n<li>Opera: <a href=\"https:\/\/help.opera.com\/en\/latest\/web-preferences\/\" target=\"_blank\" rel=\"noopener noreferrer\">https:\/\/help.opera.com\/en\/latest\/web-preferences\/<\/a><\/li>\n<li>Andere Browser: Sehen Sie in der Dokumentation des installierten Browsers nach.<\/li>\n<\/ul>\n<p>Wenn der Benutzer weitere Informationen zum Widerruf der erteilten Einwilligung oder zum Verfahren zum Deaktivieren von Cookies w\u00fcnscht sowie Fragen zur Cookie-Richtlinie der Website stellt, kann er sich an GLAMOUR FRESH S.L. wenden. \u00fcber die folgende Adresse info@glamour-fresh.com mit der Angabe \u201eCookie-Richtlinie\u201c.<\/p>\n<p><b style=\"font-size: 20px;\" data-fusion-font=\"true\">\u00c4nderungen in der Datenschutz-\/Cookie-Richtlinie.<\/b><\/p>\n<p>Die Website kann diese Cookie-Richtlinie aufgrund gesetzlicher oder beh\u00f6rdlicher Anforderungen \u00e4ndern oder um diese Richtlinie an die Anweisungen der spanischen Datenschutzbeh\u00f6rde anzupassen. Daher wird den Benutzern empfohlen, sie regelm\u00e4\u00dfig zu besuchen.<\/p>\n<p>Wenn wesentliche \u00c4nderungen an dieser Cookie-Richtlinie vorgenommen werden, werden die Benutzer \u00fcber die Website WWW.GLAMOUR-FRESH.COM benachrichtigt.<\/p><\/p>\n<\/div><\/div><\/div><\/div><\/div>","protected":false},"excerpt":{"rendered":"","protected":false},"author":1,"featured_media":0,"parent":0,"menu_order":0,"comment_status":"closed","ping_status":"closed","template":"100-width.php","meta":{"footnotes":""},"class_list":["post-4538","page","type-page","status-publish","hentry"],"yoast_head":"<!-- This site is optimized with the Yoast SEO plugin v26.8 - https:\/\/yoast.com\/product\/yoast-seo-wordpress\/ -->\n<title>Cookie-Richtlinie - Glamour Fresh | Expertos en mangos por avi\u00f3n y frutas tropicales<\/title>\n<meta name=\"robots\" content=\"index, follow, max-snippet:-1, max-image-preview:large, max-video-preview:-1\" \/>\n<link rel=\"canonical\" href=\"https:\/\/glamour-fresh.com\/de\/cookie-richtlinie\/\" \/>\n<meta property=\"og:locale\" content=\"de_DE\" \/>\n<meta property=\"og:type\" content=\"article\" \/>\n<meta property=\"og:title\" content=\"Cookie-Richtlinie - Glamour Fresh | Expertos en mangos por avi\u00f3n y frutas tropicales\" \/>\n<meta property=\"og:url\" content=\"https:\/\/glamour-fresh.com\/de\/cookie-richtlinie\/\" \/>\n<meta property=\"og:site_name\" content=\"Glamour Fresh | Expertos en mangos por avi\u00f3n y frutas tropicales\" \/>\n<meta property=\"article:publisher\" content=\"https:\/\/www.facebook.com\/glamourfreshmangos\/\" \/>\n<meta property=\"article:modified_time\" content=\"2023-03-06T11:47:36+00:00\" \/>\n<meta property=\"og:image\" content=\"https:\/\/glamour-fresh.com\/wp-content\/uploads\/2022\/02\/Glamour-Fresh-Sabor-del-an\u0303o.webp\" \/>\n\t<meta property=\"og:image:width\" content=\"1270\" \/>\n\t<meta property=\"og:image:height\" content=\"847\" \/>\n\t<meta property=\"og:image:type\" content=\"image\/webp\" \/>\n<meta name=\"twitter:card\" content=\"summary_large_image\" \/>\n<meta name=\"twitter:label1\" content=\"Gesch\u00e4tzte Lesezeit\" \/>\n\t<meta name=\"twitter:data1\" content=\"10\u00a0Minuten\" \/>\n<script type=\"application\/ld+json\" class=\"yoast-schema-graph\">{\"@context\":\"https:\/\/schema.org\",\"@graph\":[{\"@type\":\"WebPage\",\"@id\":\"https:\/\/glamour-fresh.com\/de\/cookie-richtlinie\/\",\"url\":\"https:\/\/glamour-fresh.com\/de\/cookie-richtlinie\/\",\"name\":\"Cookie-Richtlinie - Glamour Fresh | Expertos en mangos por avi\u00f3n y frutas tropicales\",\"isPartOf\":{\"@id\":\"https:\/\/glamour-fresh.com\/#website\"},\"datePublished\":\"2022-08-23T14:34:14+00:00\",\"dateModified\":\"2023-03-06T11:47:36+00:00\",\"breadcrumb\":{\"@id\":\"https:\/\/glamour-fresh.com\/de\/cookie-richtlinie\/#breadcrumb\"},\"inLanguage\":\"de\",\"potentialAction\":[{\"@type\":\"ReadAction\",\"target\":[\"https:\/\/glamour-fresh.com\/de\/cookie-richtlinie\/\"]}]},{\"@type\":\"BreadcrumbList\",\"@id\":\"https:\/\/glamour-fresh.com\/de\/cookie-richtlinie\/#breadcrumb\",\"itemListElement\":[{\"@type\":\"ListItem\",\"position\":1,\"name\":\"Portada\",\"item\":\"https:\/\/glamour-fresh.com\/de\/\"},{\"@type\":\"ListItem\",\"position\":2,\"name\":\"Cookie-Richtlinie\"}]},{\"@type\":\"WebSite\",\"@id\":\"https:\/\/glamour-fresh.com\/#website\",\"url\":\"https:\/\/glamour-fresh.com\/\",\"name\":\"Glamour Fresh | Expertos en mangos por avi\u00f3n y frutas tropicales\",\"description\":\"Frutas Premium con garant\u00eda de calidad\",\"publisher\":{\"@id\":\"https:\/\/glamour-fresh.com\/#organization\"},\"alternateName\":\"Glamour-Fresh\",\"potentialAction\":[{\"@type\":\"SearchAction\",\"target\":{\"@type\":\"EntryPoint\",\"urlTemplate\":\"https:\/\/glamour-fresh.com\/?s={search_term_string}\"},\"query-input\":{\"@type\":\"PropertyValueSpecification\",\"valueRequired\":true,\"valueName\":\"search_term_string\"}}],\"inLanguage\":\"de\"},{\"@type\":\"Organization\",\"@id\":\"https:\/\/glamour-fresh.com\/#organization\",\"name\":\"Glamour Fresh | Expertos en mangos por avi\u00f3n y frutas tropicales\",\"alternateName\":\"Glamour-Fresh\",\"url\":\"https:\/\/glamour-fresh.com\/\",\"logo\":{\"@type\":\"ImageObject\",\"inLanguage\":\"de\",\"@id\":\"https:\/\/glamour-fresh.com\/#\/schema\/logo\/image\/\",\"url\":\"https:\/\/glamour-fresh.com\/wp-content\/uploads\/2022\/10\/Glamour-Fresh-e1666953012399.png\",\"contentUrl\":\"https:\/\/glamour-fresh.com\/wp-content\/uploads\/2022\/10\/Glamour-Fresh-e1666953012399.png\",\"width\":1000,\"height\":351,\"caption\":\"Glamour Fresh | Expertos en mangos por avi\u00f3n y frutas tropicales\"},\"image\":{\"@id\":\"https:\/\/glamour-fresh.com\/#\/schema\/logo\/image\/\"},\"sameAs\":[\"https:\/\/www.facebook.com\/glamourfreshmangos\/\",\"https:\/\/www.linkedin.com\/company\/29023025\",\"https:\/\/www.instagram.com\/glamour_fresh\"]}]}<\/script>\n<!-- \/ Yoast SEO plugin. -->","yoast_head_json":{"title":"Cookie-Richtlinie - Glamour Fresh | Expertos en mangos por avi\u00f3n y frutas tropicales","robots":{"index":"index","follow":"follow","max-snippet":"max-snippet:-1","max-image-preview":"max-image-preview:large","max-video-preview":"max-video-preview:-1"},"canonical":"https:\/\/glamour-fresh.com\/de\/cookie-richtlinie\/","og_locale":"de_DE","og_type":"article","og_title":"Cookie-Richtlinie - Glamour Fresh | Expertos en mangos por avi\u00f3n y frutas tropicales","og_url":"https:\/\/glamour-fresh.com\/de\/cookie-richtlinie\/","og_site_name":"Glamour Fresh | Expertos en mangos por avi\u00f3n y frutas tropicales","article_publisher":"https:\/\/www.facebook.com\/glamourfreshmangos\/","article_modified_time":"2023-03-06T11:47:36+00:00","og_image":[{"url":"https:\/\/glamour-fresh.com\/wp-content\/uploads\/2022\/02\/Glamour-Fresh-Sabor-del-an\u0303o.webp","width":1270,"height":847,"type":"image\/webp"}],"twitter_card":"summary_large_image","twitter_misc":{"Gesch\u00e4tzte Lesezeit":"10\u00a0Minuten"},"schema":{"@context":"https:\/\/schema.org","@graph":[{"@type":"WebPage","@id":"https:\/\/glamour-fresh.com\/de\/cookie-richtlinie\/","url":"https:\/\/glamour-fresh.com\/de\/cookie-richtlinie\/","name":"Cookie-Richtlinie - Glamour Fresh | Expertos en mangos por avi\u00f3n y frutas tropicales","isPartOf":{"@id":"https:\/\/glamour-fresh.com\/#website"},"datePublished":"2022-08-23T14:34:14+00:00","dateModified":"2023-03-06T11:47:36+00:00","breadcrumb":{"@id":"https:\/\/glamour-fresh.com\/de\/cookie-richtlinie\/#breadcrumb"},"inLanguage":"de","potentialAction":[{"@type":"ReadAction","target":["https:\/\/glamour-fresh.com\/de\/cookie-richtlinie\/"]}]},{"@type":"BreadcrumbList","@id":"https:\/\/glamour-fresh.com\/de\/cookie-richtlinie\/#breadcrumb","itemListElement":[{"@type":"ListItem","position":1,"name":"Portada","item":"https:\/\/glamour-fresh.com\/de\/"},{"@type":"ListItem","position":2,"name":"Cookie-Richtlinie"}]},{"@type":"WebSite","@id":"https:\/\/glamour-fresh.com\/#website","url":"https:\/\/glamour-fresh.com\/","name":"Glamour Fresh | Expertos en mangos por avi\u00f3n y frutas tropicales","description":"Frutas Premium con garant\u00eda de calidad","publisher":{"@id":"https:\/\/glamour-fresh.com\/#organization"},"alternateName":"Glamour-Fresh","potentialAction":[{"@type":"SearchAction","target":{"@type":"EntryPoint","urlTemplate":"https:\/\/glamour-fresh.com\/?s={search_term_string}"},"query-input":{"@type":"PropertyValueSpecification","valueRequired":true,"valueName":"search_term_string"}}],"inLanguage":"de"},{"@type":"Organization","@id":"https:\/\/glamour-fresh.com\/#organization","name":"Glamour Fresh | Expertos en mangos por avi\u00f3n y frutas tropicales","alternateName":"Glamour-Fresh","url":"https:\/\/glamour-fresh.com\/","logo":{"@type":"ImageObject","inLanguage":"de","@id":"https:\/\/glamour-fresh.com\/#\/schema\/logo\/image\/","url":"https:\/\/glamour-fresh.com\/wp-content\/uploads\/2022\/10\/Glamour-Fresh-e1666953012399.png","contentUrl":"https:\/\/glamour-fresh.com\/wp-content\/uploads\/2022\/10\/Glamour-Fresh-e1666953012399.png","width":1000,"height":351,"caption":"Glamour Fresh | Expertos en mangos por avi\u00f3n y frutas tropicales"},"image":{"@id":"https:\/\/glamour-fresh.com\/#\/schema\/logo\/image\/"},"sameAs":["https:\/\/www.facebook.com\/glamourfreshmangos\/","https:\/\/www.linkedin.com\/company\/29023025","https:\/\/www.instagram.com\/glamour_fresh"]}]}},"_links":{"self":[{"href":"https:\/\/glamour-fresh.com\/de\/wp-json\/wp\/v2\/pages\/4538","targetHints":{"allow":["GET"]}}],"collection":[{"href":"https:\/\/glamour-fresh.com\/de\/wp-json\/wp\/v2\/pages"}],"about":[{"href":"https:\/\/glamour-fresh.com\/de\/wp-json\/wp\/v2\/types\/page"}],"author":[{"embeddable":true,"href":"https:\/\/glamour-fresh.com\/de\/wp-json\/wp\/v2\/users\/1"}],"replies":[{"embeddable":true,"href":"https:\/\/glamour-fresh.com\/de\/wp-json\/wp\/v2\/comments?post=4538"}],"version-history":[{"count":6,"href":"https:\/\/glamour-fresh.com\/de\/wp-json\/wp\/v2\/pages\/4538\/revisions"}],"predecessor-version":[{"id":5413,"href":"https:\/\/glamour-fresh.com\/de\/wp-json\/wp\/v2\/pages\/4538\/revisions\/5413"}],"wp:attachment":[{"href":"https:\/\/glamour-fresh.com\/de\/wp-json\/wp\/v2\/media?parent=4538"}],"curies":[{"name":"wp","href":"https:\/\/api.w.org\/{rel}","templated":true}]}}