{"id":4554,"date":"2022-07-21T17:04:48","date_gmt":"2022-07-21T17:04:48","guid":{"rendered":"https:\/\/glamour-fresh.com\/?page_id=4554"},"modified":"2023-05-11T16:11:17","modified_gmt":"2023-05-11T16:11:17","slug":"csa-richtlinie","status":"publish","type":"page","link":"https:\/\/glamour-fresh.com\/de\/csa-richtlinie\/","title":{"rendered":"CSA-Richtlinie"},"content":{"rendered":"<div class=\"fusion-fullwidth fullwidth-box fusion-builder-row-1 fusion-flex-container nonhundred-percent-fullwidth non-hundred-percent-height-scrolling\" style=\"--awb-border-sizes-top:0px;--awb-border-sizes-bottom:1px;--awb-border-sizes-left:0px;--awb-border-sizes-right:0px;--awb-border-color:var(--awb-color4);--awb-border-radius-top-left:0px;--awb-border-radius-top-right:0px;--awb-border-radius-bottom-right:0px;--awb-border-radius-bottom-left:0px;--awb-padding-top:10px;--awb-padding-bottom:10px;--awb-flex-wrap:wrap;\" ><div class=\"fusion-builder-row fusion-row fusion-flex-align-items-center fusion-flex-content-wrap\" style=\"max-width:1320.8px;margin-left: calc(-4% \/ 2 );margin-right: calc(-4% \/ 2 );\"><div class=\"fusion-layout-column fusion_builder_column fusion-builder-column-0 fusion_builder_column_1_2 1_2 fusion-flex-column\" style=\"--awb-bg-size:cover;--awb-width-large:50%;--awb-margin-top-large:25px;--awb-spacing-right-large:3.84%;--awb-margin-bottom-large:25px;--awb-spacing-left-large:3.84%;--awb-width-medium:83.333333333333%;--awb-order-medium:0;--awb-spacing-right-medium:2.304%;--awb-spacing-left-medium:2.304%;--awb-width-small:83.333333333333%;--awb-order-small:0;--awb-spacing-right-small:2.304%;--awb-spacing-left-small:2.304%;\"><div class=\"fusion-column-wrapper fusion-column-has-shadow fusion-flex-justify-content-flex-start fusion-content-layout-column\"><div class=\"fusion-title title fusion-title-1 fusion-sep-none fusion-title-text fusion-title-size-two\" style=\"--awb-margin-bottom:5px;\"><h2 class=\"fusion-title-heading title-heading-left fusion-responsive-typography-calculated\" style=\"margin:0;--fontSize:44;line-height:1.2;\">CSA-Richtlinie<\/h2><\/div><\/div><\/div><div class=\"fusion-layout-column fusion_builder_column fusion-builder-column-1 fusion_builder_column_1_2 1_2 fusion-flex-column\" style=\"--awb-bg-size:cover;--awb-width-large:50%;--awb-margin-top-large:25px;--awb-spacing-right-large:3.84%;--awb-margin-bottom-large:25px;--awb-spacing-left-large:3.84%;--awb-width-medium:16.666666666667%;--awb-order-medium:0;--awb-spacing-right-medium:11.52%;--awb-spacing-left-medium:11.52%;--awb-width-small:16.666666666667%;--awb-order-small:0;--awb-spacing-right-small:11.52%;--awb-spacing-left-small:11.52%;\"><div class=\"fusion-column-wrapper fusion-column-has-shadow fusion-flex-justify-content-flex-start fusion-content-layout-column\"><div class=\"fusion-image-element \" style=\"text-align:right;--awb-max-width:40px;--awb-caption-title-font-family:var(--h2_typography-font-family);--awb-caption-title-font-weight:var(--h2_typography-font-weight);--awb-caption-title-font-style:var(--h2_typography-font-style);--awb-caption-title-size:var(--h2_typography-font-size);--awb-caption-title-transform:var(--h2_typography-text-transform);--awb-caption-title-line-height:var(--h2_typography-line-height);--awb-caption-title-letter-spacing:var(--h2_typography-letter-spacing);\"><span class=\" fusion-imageframe imageframe-none imageframe-1 hover-type-none\"><img decoding=\"async\" width=\"62\" height=\"64\" src=\"data:image\/svg+xml,%3Csvg%20xmlns%3D%27http%3A%2F%2Fwww.w3.org%2F2000%2Fsvg%27%20width%3D%2762%27%20height%3D%2764%27%20viewBox%3D%270%200%2062%2064%27%3E%3Crect%20width%3D%2762%27%20height%3D%2764%27%20fill-opacity%3D%220%22%2F%3E%3C%2Fsvg%3E\" data-orig-src=\"https:\/\/glamour-fresh.com\/wp-content\/uploads\/2022\/06\/Favicon-Glamour-Fresh.png\" alt class=\"lazyload img-responsive wp-image-4041\"\/><\/span><\/div><\/div><\/div><\/div><\/div><div class=\"fusion-fullwidth fullwidth-box fusion-builder-row-2 fusion-flex-container nonhundred-percent-fullwidth non-hundred-percent-height-scrolling\" style=\"--awb-border-radius-top-left:0px;--awb-border-radius-top-right:0px;--awb-border-radius-bottom-right:0px;--awb-border-radius-bottom-left:0px;--awb-padding-top:3%;--awb-flex-wrap:wrap;\" ><div class=\"fusion-builder-row fusion-row fusion-flex-align-items-flex-start fusion-flex-content-wrap\" style=\"max-width:1320.8px;margin-left: calc(-4% \/ 2 );margin-right: calc(-4% \/ 2 );\"><div class=\"fusion-layout-column fusion_builder_column fusion-builder-column-2 fusion_builder_column_1_1 1_1 fusion-flex-column\" style=\"--awb-bg-size:cover;--awb-width-large:100%;--awb-margin-top-large:0px;--awb-spacing-right-large:1.92%;--awb-margin-bottom-large:0px;--awb-spacing-left-large:1.92%;--awb-width-medium:100%;--awb-spacing-right-medium:1.92%;--awb-spacing-left-medium:1.92%;--awb-width-small:100%;--awb-spacing-right-small:1.92%;--awb-spacing-left-small:1.92%;\"><div class=\"fusion-column-wrapper fusion-flex-justify-content-flex-start fusion-content-layout-column\"><div class=\"fusion-text fusion-text-1\"><\/p>\n<p>Das Top-Management von <b>GLAMOUR FRESH SL<\/b>, einem Unternehmen, das sich der Angemessenheit und Vermarktung von Obst und Gem\u00fcse verschrieben hat, um die Entwicklung und Umsetzung des CSA-Systems und die <u>kontinuierliche Verbesserung<\/u> seiner Wirksamkeit sicherzustellen, verpflichtet sich:<\/p>\n<ul>\n<li>Stellen Sie sicher, dass Mechanismen vorhanden sind, um Kundenbed\u00fcrfnisse und -zufriedenheit zu ermitteln<\/li>\n<li>Kommunizieren Sie in der gesamten Organisation, wie wichtig es ist, Kundenanforderungen sowie gesetzliche und beh\u00f6rdliche Anforderungen durch etablierte Mittel zu identifizieren und zu erf\u00fcllen.<\/li>\n<li>Verbreiten Sie diese Richtlinie, einen Referenzrahmen f\u00fcr die Erstellung von CSA-Zielen, an alle Mitarbeiter des Unternehmens.<\/li>\n<li>Sein Engagement f\u00fcr die Umwelt auf alle Produktionsprozesse der Organisation und die Ausbildung des Personals auszudehnen sowie die Nachhaltigkeit dieser Prozesse zu gew\u00e4hrleisten.<\/li>\n<li>Implementieren Sie eine unternehmensweite Verpflichtung zur Produktsicherheitskultur.<\/li>\n<li>Gew\u00e4hrleistung der Existenz von Analyse-, Mess-, \u00dcberwachungs- und Verbesserungsprozessen f\u00fcr:\n<ul>\n<li>Demonstrieren Sie die Konformit\u00e4t der Produkte und der erbrachten Dienstleistung.<\/li>\n<li>Gew\u00e4hrleistung der Sicherheit, Qualit\u00e4t und Legalit\u00e4t des Produkts<\/li>\n<li>Stellen Sie unseren Kunden klare Produktspezifikationen zur Verf\u00fcgung, in denen alle geltenden gesetzlichen Anforderungen erf\u00fcllt sind.<\/li>\n<li>Die Konformit\u00e4t und Wirksamkeit des CSA-Systems, d. h. die Konformit\u00e4t und Wirksamkeit aller Prozesse im Zusammenhang mit den Produktspezifikationen.<\/li>\n<\/ul>\n<\/li>\n<li>Sorgen Sie f\u00fcr ein angenehmes Arbeitsumfeld. Dies bezieht sich auf die Bedingungen, unter denen die Arbeit ausgef\u00fchrt wird, einschlie\u00dflich physikalischer, umweltbedingter und anderer Faktoren wie L\u00e4rm, Temperatur, Feuchtigkeit usw.<\/li>\n<li>Der Respekt vor den Arbeitnehmern und eine faire und nicht diskriminierende Behandlung, Teamarbeit und Kameradschaft zwischen den verschiedenen Abteilungen werden gef\u00f6rdert.<\/li>\n<\/ul>\n<p>Die daraus abgeleiteten Ziele werden j\u00e4hrlich \u00fcberpr\u00fcft und auf \u00dcbereinstimmung mit der Gr\u00f6\u00dfe und Komplexit\u00e4t der Organisation beurteilt.<\/p><\/p>\n<\/div><\/div><\/div><\/div><\/div>","protected":false},"excerpt":{"rendered":"","protected":false},"author":1,"featured_media":0,"parent":0,"menu_order":0,"comment_status":"closed","ping_status":"closed","template":"100-width.php","meta":{"footnotes":""},"class_list":["post-4554","page","type-page","status-publish","hentry"],"yoast_head":"<!-- This site is optimized with the Yoast SEO plugin v26.8 - https:\/\/yoast.com\/product\/yoast-seo-wordpress\/ -->\n<title>CSA-Richtlinie - Glamour Fresh | Expertos en mangos por avi\u00f3n y frutas tropicales<\/title>\n<meta name=\"robots\" content=\"index, follow, max-snippet:-1, max-image-preview:large, max-video-preview:-1\" \/>\n<link rel=\"canonical\" href=\"https:\/\/glamour-fresh.com\/de\/csa-richtlinie\/\" \/>\n<meta property=\"og:locale\" content=\"de_DE\" \/>\n<meta property=\"og:type\" content=\"article\" \/>\n<meta property=\"og:title\" content=\"CSA-Richtlinie - Glamour Fresh | Expertos en mangos por avi\u00f3n y frutas tropicales\" \/>\n<meta property=\"og:url\" content=\"https:\/\/glamour-fresh.com\/de\/csa-richtlinie\/\" \/>\n<meta property=\"og:site_name\" content=\"Glamour Fresh | Expertos en mangos por avi\u00f3n y frutas tropicales\" \/>\n<meta property=\"article:publisher\" content=\"https:\/\/www.facebook.com\/glamourfreshmangos\/\" \/>\n<meta property=\"article:modified_time\" content=\"2023-05-11T16:11:17+00:00\" \/>\n<meta property=\"og:image\" content=\"https:\/\/glamour-fresh.com\/wp-content\/uploads\/2022\/02\/Glamour-Fresh-Sabor-del-an\u0303o.webp\" \/>\n\t<meta property=\"og:image:width\" content=\"1270\" \/>\n\t<meta property=\"og:image:height\" content=\"847\" \/>\n\t<meta property=\"og:image:type\" content=\"image\/webp\" \/>\n<meta name=\"twitter:card\" content=\"summary_large_image\" \/>\n<meta name=\"twitter:label1\" content=\"Gesch\u00e4tzte Lesezeit\" \/>\n\t<meta name=\"twitter:data1\" content=\"5\u00a0Minuten\" \/>\n<script type=\"application\/ld+json\" class=\"yoast-schema-graph\">{\"@context\":\"https:\/\/schema.org\",\"@graph\":[{\"@type\":\"WebPage\",\"@id\":\"https:\/\/glamour-fresh.com\/de\/csa-richtlinie\/\",\"url\":\"https:\/\/glamour-fresh.com\/de\/csa-richtlinie\/\",\"name\":\"CSA-Richtlinie - Glamour Fresh | Expertos en mangos por avi\u00f3n y frutas tropicales\",\"isPartOf\":{\"@id\":\"https:\/\/glamour-fresh.com\/#website\"},\"datePublished\":\"2022-07-21T17:04:48+00:00\",\"dateModified\":\"2023-05-11T16:11:17+00:00\",\"breadcrumb\":{\"@id\":\"https:\/\/glamour-fresh.com\/de\/csa-richtlinie\/#breadcrumb\"},\"inLanguage\":\"de\",\"potentialAction\":[{\"@type\":\"ReadAction\",\"target\":[\"https:\/\/glamour-fresh.com\/de\/csa-richtlinie\/\"]}]},{\"@type\":\"BreadcrumbList\",\"@id\":\"https:\/\/glamour-fresh.com\/de\/csa-richtlinie\/#breadcrumb\",\"itemListElement\":[{\"@type\":\"ListItem\",\"position\":1,\"name\":\"Portada\",\"item\":\"https:\/\/glamour-fresh.com\/de\/\"},{\"@type\":\"ListItem\",\"position\":2,\"name\":\"CSA-Richtlinie\"}]},{\"@type\":\"WebSite\",\"@id\":\"https:\/\/glamour-fresh.com\/#website\",\"url\":\"https:\/\/glamour-fresh.com\/\",\"name\":\"Glamour Fresh | Expertos en mangos por avi\u00f3n y frutas tropicales\",\"description\":\"Frutas Premium con garant\u00eda de calidad\",\"publisher\":{\"@id\":\"https:\/\/glamour-fresh.com\/#organization\"},\"alternateName\":\"Glamour-Fresh\",\"potentialAction\":[{\"@type\":\"SearchAction\",\"target\":{\"@type\":\"EntryPoint\",\"urlTemplate\":\"https:\/\/glamour-fresh.com\/?s={search_term_string}\"},\"query-input\":{\"@type\":\"PropertyValueSpecification\",\"valueRequired\":true,\"valueName\":\"search_term_string\"}}],\"inLanguage\":\"de\"},{\"@type\":\"Organization\",\"@id\":\"https:\/\/glamour-fresh.com\/#organization\",\"name\":\"Glamour Fresh | Expertos en mangos por avi\u00f3n y frutas tropicales\",\"alternateName\":\"Glamour-Fresh\",\"url\":\"https:\/\/glamour-fresh.com\/\",\"logo\":{\"@type\":\"ImageObject\",\"inLanguage\":\"de\",\"@id\":\"https:\/\/glamour-fresh.com\/#\/schema\/logo\/image\/\",\"url\":\"https:\/\/glamour-fresh.com\/wp-content\/uploads\/2022\/10\/Glamour-Fresh-e1666953012399.png\",\"contentUrl\":\"https:\/\/glamour-fresh.com\/wp-content\/uploads\/2022\/10\/Glamour-Fresh-e1666953012399.png\",\"width\":1000,\"height\":351,\"caption\":\"Glamour Fresh | Expertos en mangos por avi\u00f3n y frutas tropicales\"},\"image\":{\"@id\":\"https:\/\/glamour-fresh.com\/#\/schema\/logo\/image\/\"},\"sameAs\":[\"https:\/\/www.facebook.com\/glamourfreshmangos\/\",\"https:\/\/www.linkedin.com\/company\/29023025\",\"https:\/\/www.instagram.com\/glamour_fresh\"]}]}<\/script>\n<!-- \/ Yoast SEO plugin. -->","yoast_head_json":{"title":"CSA-Richtlinie - Glamour Fresh | Expertos en mangos por avi\u00f3n y frutas tropicales","robots":{"index":"index","follow":"follow","max-snippet":"max-snippet:-1","max-image-preview":"max-image-preview:large","max-video-preview":"max-video-preview:-1"},"canonical":"https:\/\/glamour-fresh.com\/de\/csa-richtlinie\/","og_locale":"de_DE","og_type":"article","og_title":"CSA-Richtlinie - Glamour Fresh | Expertos en mangos por avi\u00f3n y frutas tropicales","og_url":"https:\/\/glamour-fresh.com\/de\/csa-richtlinie\/","og_site_name":"Glamour Fresh | Expertos en mangos por avi\u00f3n y frutas tropicales","article_publisher":"https:\/\/www.facebook.com\/glamourfreshmangos\/","article_modified_time":"2023-05-11T16:11:17+00:00","og_image":[{"url":"https:\/\/glamour-fresh.com\/wp-content\/uploads\/2022\/02\/Glamour-Fresh-Sabor-del-an\u0303o.webp","width":1270,"height":847,"type":"image\/webp"}],"twitter_card":"summary_large_image","twitter_misc":{"Gesch\u00e4tzte Lesezeit":"5\u00a0Minuten"},"schema":{"@context":"https:\/\/schema.org","@graph":[{"@type":"WebPage","@id":"https:\/\/glamour-fresh.com\/de\/csa-richtlinie\/","url":"https:\/\/glamour-fresh.com\/de\/csa-richtlinie\/","name":"CSA-Richtlinie - Glamour Fresh | Expertos en mangos por avi\u00f3n y frutas tropicales","isPartOf":{"@id":"https:\/\/glamour-fresh.com\/#website"},"datePublished":"2022-07-21T17:04:48+00:00","dateModified":"2023-05-11T16:11:17+00:00","breadcrumb":{"@id":"https:\/\/glamour-fresh.com\/de\/csa-richtlinie\/#breadcrumb"},"inLanguage":"de","potentialAction":[{"@type":"ReadAction","target":["https:\/\/glamour-fresh.com\/de\/csa-richtlinie\/"]}]},{"@type":"BreadcrumbList","@id":"https:\/\/glamour-fresh.com\/de\/csa-richtlinie\/#breadcrumb","itemListElement":[{"@type":"ListItem","position":1,"name":"Portada","item":"https:\/\/glamour-fresh.com\/de\/"},{"@type":"ListItem","position":2,"name":"CSA-Richtlinie"}]},{"@type":"WebSite","@id":"https:\/\/glamour-fresh.com\/#website","url":"https:\/\/glamour-fresh.com\/","name":"Glamour Fresh | Expertos en mangos por avi\u00f3n y frutas tropicales","description":"Frutas Premium con garant\u00eda de calidad","publisher":{"@id":"https:\/\/glamour-fresh.com\/#organization"},"alternateName":"Glamour-Fresh","potentialAction":[{"@type":"SearchAction","target":{"@type":"EntryPoint","urlTemplate":"https:\/\/glamour-fresh.com\/?s={search_term_string}"},"query-input":{"@type":"PropertyValueSpecification","valueRequired":true,"valueName":"search_term_string"}}],"inLanguage":"de"},{"@type":"Organization","@id":"https:\/\/glamour-fresh.com\/#organization","name":"Glamour Fresh | Expertos en mangos por avi\u00f3n y frutas tropicales","alternateName":"Glamour-Fresh","url":"https:\/\/glamour-fresh.com\/","logo":{"@type":"ImageObject","inLanguage":"de","@id":"https:\/\/glamour-fresh.com\/#\/schema\/logo\/image\/","url":"https:\/\/glamour-fresh.com\/wp-content\/uploads\/2022\/10\/Glamour-Fresh-e1666953012399.png","contentUrl":"https:\/\/glamour-fresh.com\/wp-content\/uploads\/2022\/10\/Glamour-Fresh-e1666953012399.png","width":1000,"height":351,"caption":"Glamour Fresh | Expertos en mangos por avi\u00f3n y frutas tropicales"},"image":{"@id":"https:\/\/glamour-fresh.com\/#\/schema\/logo\/image\/"},"sameAs":["https:\/\/www.facebook.com\/glamourfreshmangos\/","https:\/\/www.linkedin.com\/company\/29023025","https:\/\/www.instagram.com\/glamour_fresh"]}]}},"_links":{"self":[{"href":"https:\/\/glamour-fresh.com\/de\/wp-json\/wp\/v2\/pages\/4554","targetHints":{"allow":["GET"]}}],"collection":[{"href":"https:\/\/glamour-fresh.com\/de\/wp-json\/wp\/v2\/pages"}],"about":[{"href":"https:\/\/glamour-fresh.com\/de\/wp-json\/wp\/v2\/types\/page"}],"author":[{"embeddable":true,"href":"https:\/\/glamour-fresh.com\/de\/wp-json\/wp\/v2\/users\/1"}],"replies":[{"embeddable":true,"href":"https:\/\/glamour-fresh.com\/de\/wp-json\/wp\/v2\/comments?post=4554"}],"version-history":[{"count":7,"href":"https:\/\/glamour-fresh.com\/de\/wp-json\/wp\/v2\/pages\/4554\/revisions"}],"predecessor-version":[{"id":5507,"href":"https:\/\/glamour-fresh.com\/de\/wp-json\/wp\/v2\/pages\/4554\/revisions\/5507"}],"wp:attachment":[{"href":"https:\/\/glamour-fresh.com\/de\/wp-json\/wp\/v2\/media?parent=4554"}],"curies":[{"name":"wp","href":"https:\/\/api.w.org\/{rel}","templated":true}]}}