{"id":4569,"date":"2022-07-21T17:19:45","date_gmt":"2022-07-21T17:19:45","guid":{"rendered":"https:\/\/glamour-fresh.com\/?page_id=4569"},"modified":"2023-03-06T11:50:47","modified_gmt":"2023-03-06T11:50:47","slug":"datenschutz","status":"publish","type":"page","link":"https:\/\/glamour-fresh.com\/de\/datenschutz\/","title":{"rendered":"Datenschutz"},"content":{"rendered":"<div class=\"fusion-fullwidth fullwidth-box fusion-builder-row-1 fusion-flex-container nonhundred-percent-fullwidth non-hundred-percent-height-scrolling\" style=\"--awb-border-sizes-top:0px;--awb-border-sizes-bottom:1px;--awb-border-sizes-left:0px;--awb-border-sizes-right:0px;--awb-border-color:var(--awb-color4);--awb-border-radius-top-left:0px;--awb-border-radius-top-right:0px;--awb-border-radius-bottom-right:0px;--awb-border-radius-bottom-left:0px;--awb-padding-top:10px;--awb-padding-bottom:10px;--awb-flex-wrap:wrap;\" ><div class=\"fusion-builder-row fusion-row fusion-flex-align-items-center fusion-flex-content-wrap\" style=\"max-width:1320.8px;margin-left: calc(-4% \/ 2 );margin-right: calc(-4% \/ 2 );\"><div class=\"fusion-layout-column fusion_builder_column fusion-builder-column-0 fusion_builder_column_1_2 1_2 fusion-flex-column\" style=\"--awb-bg-size:cover;--awb-width-large:50%;--awb-margin-top-large:25px;--awb-spacing-right-large:3.84%;--awb-margin-bottom-large:25px;--awb-spacing-left-large:3.84%;--awb-width-medium:83.333333333333%;--awb-order-medium:0;--awb-spacing-right-medium:2.304%;--awb-spacing-left-medium:2.304%;--awb-width-small:83.333333333333%;--awb-order-small:0;--awb-spacing-right-small:2.304%;--awb-spacing-left-small:2.304%;\"><div class=\"fusion-column-wrapper fusion-column-has-shadow fusion-flex-justify-content-flex-start fusion-content-layout-column\"><div class=\"fusion-title title fusion-title-1 fusion-sep-none fusion-title-text fusion-title-size-two\" style=\"--awb-margin-bottom:5px;\"><h2 class=\"fusion-title-heading title-heading-left fusion-responsive-typography-calculated\" style=\"margin:0;--fontSize:44;line-height:1.2;\">Datenschutz<\/h2><\/div><\/div><\/div><div class=\"fusion-layout-column fusion_builder_column fusion-builder-column-1 fusion_builder_column_1_2 1_2 fusion-flex-column\" style=\"--awb-bg-size:cover;--awb-width-large:50%;--awb-margin-top-large:25px;--awb-spacing-right-large:3.84%;--awb-margin-bottom-large:25px;--awb-spacing-left-large:3.84%;--awb-width-medium:16.666666666667%;--awb-order-medium:0;--awb-spacing-right-medium:11.52%;--awb-spacing-left-medium:11.52%;--awb-width-small:16.666666666667%;--awb-order-small:0;--awb-spacing-right-small:11.52%;--awb-spacing-left-small:11.52%;\"><div class=\"fusion-column-wrapper fusion-column-has-shadow fusion-flex-justify-content-flex-start fusion-content-layout-column\"><div class=\"fusion-image-element \" style=\"text-align:right;--awb-max-width:40px;--awb-caption-title-font-family:var(--h2_typography-font-family);--awb-caption-title-font-weight:var(--h2_typography-font-weight);--awb-caption-title-font-style:var(--h2_typography-font-style);--awb-caption-title-size:var(--h2_typography-font-size);--awb-caption-title-transform:var(--h2_typography-text-transform);--awb-caption-title-line-height:var(--h2_typography-line-height);--awb-caption-title-letter-spacing:var(--h2_typography-letter-spacing);\"><span class=\" fusion-imageframe imageframe-none imageframe-1 hover-type-none\"><img decoding=\"async\" width=\"62\" height=\"64\" src=\"data:image\/svg+xml,%3Csvg%20xmlns%3D%27http%3A%2F%2Fwww.w3.org%2F2000%2Fsvg%27%20width%3D%2762%27%20height%3D%2764%27%20viewBox%3D%270%200%2062%2064%27%3E%3Crect%20width%3D%2762%27%20height%3D%2764%27%20fill-opacity%3D%220%22%2F%3E%3C%2Fsvg%3E\" data-orig-src=\"https:\/\/glamour-fresh.com\/wp-content\/uploads\/2022\/06\/Favicon-Glamour-Fresh.png\" alt class=\"lazyload img-responsive wp-image-4041\"\/><\/span><\/div><\/div><\/div><\/div><\/div><div class=\"fusion-fullwidth fullwidth-box fusion-builder-row-2 fusion-flex-container nonhundred-percent-fullwidth non-hundred-percent-height-scrolling\" style=\"--awb-border-radius-top-left:0px;--awb-border-radius-top-right:0px;--awb-border-radius-bottom-right:0px;--awb-border-radius-bottom-left:0px;--awb-padding-top:3%;--awb-flex-wrap:wrap;\" ><div class=\"fusion-builder-row fusion-row fusion-flex-align-items-flex-start fusion-flex-content-wrap\" style=\"max-width:1320.8px;margin-left: calc(-4% \/ 2 );margin-right: calc(-4% \/ 2 );\"><div class=\"fusion-layout-column fusion_builder_column fusion-builder-column-2 fusion_builder_column_1_1 1_1 fusion-flex-column\" style=\"--awb-bg-size:cover;--awb-width-large:100%;--awb-margin-top-large:0px;--awb-spacing-right-large:1.92%;--awb-margin-bottom-large:0px;--awb-spacing-left-large:1.92%;--awb-width-medium:100%;--awb-spacing-right-medium:1.92%;--awb-spacing-left-medium:1.92%;--awb-width-small:100%;--awb-spacing-right-small:1.92%;--awb-spacing-left-small:1.92%;\"><div class=\"fusion-column-wrapper fusion-flex-justify-content-flex-start fusion-content-layout-column\"><div class=\"fusion-text fusion-text-1\"><\/p>\n<p>Datenschutz ist f\u00fcr<b> GLAMOUR FRESH S.L.<\/b> sehr wichtig. und wir m\u00f6chten im Umgang mit Ihren personenbezogenen Daten eine offene und transparente Haltung wahren.<\/p>\n<p>Daher haben wir eine Richtlinie, die festlegt, wie Ihre personenbezogenen Daten behandelt und gesch\u00fctzt werden.<\/p>\n<p style=\"font-size: 20px;\"><b>Wer ist f\u00fcr die Verarbeitung Ihrer Daten verantwortlich?<\/b><\/p>\n<p><b>GLAMOUR FRESH S.L.<\/b><\/p>\n<ul>\n<li>CIF: B93570273<\/li>\n<li>Eingetragener Sitz: <span style=\"background-color: rgba(255, 255, 255, 0); color: var(--body_typography-color); font-family: var(--body_typography-font-family); font-size: var(--body_typography-font-size); font-style: var(--body_typography-font-style,normal); font-weight: var(--body_typography-font-weight); letter-spacing: var(--body_typography-letter-spacing);\">C\/ Sierra de las Nieves, 8, <\/span><span style=\"background-color: rgba(255, 255, 255, 0); color: var(--body_typography-color); font-family: var(--body_typography-font-family); font-size: var(--body_typography-font-size); font-style: var(--body_typography-font-style,normal); font-weight: var(--body_typography-font-weight); letter-spacing: var(--body_typography-letter-spacing);\">29730, <\/span><span style=\"background-color: rgba(255, 255, 255, 0); color: var(--body_typography-color); font-family: var(--body_typography-font-family); font-size: var(--body_typography-font-size); font-style: var(--body_typography-font-style,normal); font-weight: var(--body_typography-font-weight); letter-spacing: var(--body_typography-letter-spacing);\">Rinc\u00f3n de la Victoria, M\u00e1laga<\/span><\/li>\n<li>Kontakt E-mail: info@glamour-fresh.com<\/li>\n<\/ul>\n<p style=\"font-size: 20px;\"><b>Zu welchem \u200b\u200bZweck verarbeiten wir Ihre personenbezogenen Daten?<\/b><\/p>\n<p>Bei GLAMOUR FRESH S.L. Wir verarbeiten die von interessierten Personen bereitgestellten Informationen, um die administrative, buchhalterische und steuerliche Verwaltung der angeforderten Dienstleistungen durchzuf\u00fchren und kommerzielle Mitteilungen \u00fcber unsere Produkte und Dienstleistungen zu senden, f\u00fcr deren Zustimmung Sie uns erteilt haben.<\/p>\n<p><b style=\"font-size: 20px;\" data-fusion-font=\"true\">Wie lange werden wir Ihre Daten aufbewahren?<\/b><\/p>\n<p>Die Daten werden so lange aufbewahrt, wie die Gesch\u00e4ftsbeziehung besteht, und gegebenenfalls f\u00fcr die Jahre, die zur Erf\u00fcllung der m\u00f6glicherweise geltenden gesetzlichen Verpflichtungen erforderlich sind.<\/p>\n<p><b style=\"font-size: 20px;\" data-fusion-font=\"true\">Was ist die Legitimit\u00e4t f\u00fcr die Behandlung Ihrer Daten?<\/b><\/p>\n<p>Wir geben die Rechtsgrundlage f\u00fcr die Behandlung Ihrer Daten an:<\/p>\n<ul>\n<li>Vertragsabwicklung: Erbringung der angeforderten Dienstleistungen<\/li>\n<li>Zustimmung der interessierten Partei: Versenden von kommerziellen Mitteilungen.<\/li>\n<\/ul>\n<p><b style=\"font-size: 20px;\" data-fusion-font=\"true\">An welche Empf\u00e4nger werden Ihre Daten weitergegeben?<\/b><\/p>\n<p>Ihre Daten werden nur zur Erf\u00fcllung gesetzlicher Verpflichtungen weitergegeben.<\/p>\n<p><b style=\"font-size: 20px;\" data-fusion-font=\"true\">Daten\u00fcbermittlungen in Drittl\u00e4nder<\/b><\/p>\n<p>Daten\u00fcbermittlungen in Drittstaaten sind nicht geplant.<\/p>\n<p><b style=\"font-size: 20px;\" data-fusion-font=\"true\">Welche Rechte haben Sie, wenn Sie uns Ihre Daten zur Verf\u00fcgung stellen?<\/b><\/p>\n<p>Jeder hat das Recht, eine Best\u00e4tigung dar\u00fcber zu erhalten, ob <b>GLAMOUR FRESH S.L.<\/b> wir behandeln personenbezogene Daten, die sie betreffen, oder nicht.<\/p>\n<p>Betroffene Personen haben das Recht, auf ihre personenbezogenen Daten zuzugreifen sowie die Berichtigung unrichtiger Daten oder gegebenenfalls deren L\u00f6schung zu verlangen, wenn die Daten unter anderem f\u00fcr die Zwecke, f\u00fcr die sie erhoben wurden, nicht mehr erforderlich sind.<\/p>\n<p>Unter bestimmten Umst\u00e4nden k\u00f6nnen die Interessenten die Einschr\u00e4nkung der Verarbeitung ihrer Daten verlangen, in diesem Fall werden wir sie nur zur Aus\u00fcbung oder Verteidigung von Anspr\u00fcchen aufbewahren.<\/p>\n<p>Unter bestimmten Umst\u00e4nden und aus Gr\u00fcnden, die mit ihrer besonderen Situation zusammenh\u00e4ngen, k\u00f6nnen die interessierten Parteien der Verarbeitung ihrer Daten widersprechen. In diesem Fall ist <b>GLAMOUR FRESH S.L.<\/b> wird die Verarbeitung der Daten einstellen, au\u00dfer aus zwingenden berechtigten Gr\u00fcnden oder der Aus\u00fcbung oder Verteidigung m\u00f6glicher Anspr\u00fcche.<\/p>\n<p>Sie k\u00f6nnen Ihre Rechte auf folgende Weise materiell aus\u00fcben: indem Sie sich an die E-Mail-Adresse der Person wenden, die f\u00fcr die oben beschriebene Behandlung verantwortlich ist, und eine Kopie Ihres Personalausweises oder Ausweises beif\u00fcgen.<\/p>\n<p>Wenn Sie Ihre Einwilligung f\u00fcr einen bestimmten Zweck erteilt haben, haben Sie das Recht, die erteilte Einwilligung jederzeit zu widerrufen, ohne dass die Rechtm\u00e4\u00dfigkeit der Behandlung aufgrund der Einwilligung vor ihrem Widerruf ber\u00fchrt wird.<\/p>\n<p>F\u00fcr den Fall, dass Sie sich in Ihren Rechten in Bezug auf den Schutz Ihrer personenbezogenen Daten verletzt f\u00fchlen, insbesondere wenn Sie bei der Aus\u00fcbung Ihrer Rechte keine Zufriedenheit erlangt haben, k\u00f6nnen Sie eine Beschwerde bei der zust\u00e4ndigen Datenschutzbeh\u00f6rde einreichen Website: www.aepd.es.<\/p>\n<p><b style=\"font-size: 20px;\" data-fusion-font=\"true\">Wie haben wir Ihre Daten erhalten?<\/b><\/p>\n<p>Die personenbezogenen Daten, die wir bei GLAMOUR FRESH S.L. wurden direkt vom Interessenten bereitgestellt.<\/p>\n<p>Die Kategorien der verarbeiteten Daten sind:<\/p>\n<ul>\n<li>Identifikationsdaten<\/li>\n<li>Postalische und elektronische Adressen<\/li>\n<li>Kommerzielle Informationen<\/li>\n<\/ul>\n<\/div><\/div><\/div><\/div><\/div>","protected":false},"excerpt":{"rendered":"","protected":false},"author":1,"featured_media":0,"parent":0,"menu_order":0,"comment_status":"closed","ping_status":"closed","template":"100-width.php","meta":{"footnotes":""},"class_list":["post-4569","page","type-page","status-publish","hentry"],"yoast_head":"<!-- This site is optimized with the Yoast SEO plugin v26.8 - https:\/\/yoast.com\/product\/yoast-seo-wordpress\/ -->\n<title>Datenschutz - Glamour Fresh | Expertos en mangos por avi\u00f3n y frutas tropicales<\/title>\n<meta name=\"robots\" content=\"index, follow, max-snippet:-1, max-image-preview:large, max-video-preview:-1\" \/>\n<link rel=\"canonical\" href=\"https:\/\/glamour-fresh.com\/politica-de-privacidad\/\" \/>\n<meta property=\"og:locale\" content=\"de_DE\" \/>\n<meta property=\"og:type\" content=\"article\" \/>\n<meta property=\"og:title\" content=\"Datenschutz - Glamour Fresh | Expertos en mangos por avi\u00f3n y frutas tropicales\" \/>\n<meta property=\"og:url\" content=\"https:\/\/glamour-fresh.com\/politica-de-privacidad\/\" \/>\n<meta property=\"og:site_name\" content=\"Glamour Fresh | Expertos en mangos por avi\u00f3n y frutas tropicales\" \/>\n<meta property=\"article:publisher\" content=\"https:\/\/www.facebook.com\/glamourfreshmangos\/\" \/>\n<meta property=\"article:modified_time\" content=\"2023-03-06T11:50:47+00:00\" \/>\n<meta property=\"og:image\" content=\"https:\/\/glamour-fresh.com\/wp-content\/uploads\/2022\/02\/Glamour-Fresh-Sabor-del-an\u0303o.webp\" \/>\n\t<meta property=\"og:image:width\" content=\"1270\" \/>\n\t<meta property=\"og:image:height\" content=\"847\" \/>\n\t<meta property=\"og:image:type\" content=\"image\/webp\" \/>\n<meta name=\"twitter:card\" content=\"summary_large_image\" \/>\n<meta name=\"twitter:label1\" content=\"Gesch\u00e4tzte Lesezeit\" \/>\n\t<meta name=\"twitter:data1\" content=\"7\u00a0Minuten\" \/>\n<script type=\"application\/ld+json\" class=\"yoast-schema-graph\">{\"@context\":\"https:\/\/schema.org\",\"@graph\":[{\"@type\":\"WebPage\",\"@id\":\"https:\/\/glamour-fresh.com\/politica-de-privacidad\/\",\"url\":\"https:\/\/glamour-fresh.com\/politica-de-privacidad\/\",\"name\":\"Datenschutz - Glamour Fresh | Expertos en mangos por avi\u00f3n y frutas tropicales\",\"isPartOf\":{\"@id\":\"https:\/\/glamour-fresh.com\/#website\"},\"datePublished\":\"2022-07-21T17:19:45+00:00\",\"dateModified\":\"2023-03-06T11:50:47+00:00\",\"breadcrumb\":{\"@id\":\"https:\/\/glamour-fresh.com\/politica-de-privacidad\/#breadcrumb\"},\"inLanguage\":\"de\",\"potentialAction\":[{\"@type\":\"ReadAction\",\"target\":[\"https:\/\/glamour-fresh.com\/politica-de-privacidad\/\"]}]},{\"@type\":\"BreadcrumbList\",\"@id\":\"https:\/\/glamour-fresh.com\/politica-de-privacidad\/#breadcrumb\",\"itemListElement\":[{\"@type\":\"ListItem\",\"position\":1,\"name\":\"Portada\",\"item\":\"https:\/\/glamour-fresh.com\/de\/\"},{\"@type\":\"ListItem\",\"position\":2,\"name\":\"Datenschutz\"}]},{\"@type\":\"WebSite\",\"@id\":\"https:\/\/glamour-fresh.com\/#website\",\"url\":\"https:\/\/glamour-fresh.com\/\",\"name\":\"Glamour Fresh | Expertos en mangos por avi\u00f3n y frutas tropicales\",\"description\":\"Frutas Premium con garant\u00eda de calidad\",\"publisher\":{\"@id\":\"https:\/\/glamour-fresh.com\/#organization\"},\"alternateName\":\"Glamour-Fresh\",\"potentialAction\":[{\"@type\":\"SearchAction\",\"target\":{\"@type\":\"EntryPoint\",\"urlTemplate\":\"https:\/\/glamour-fresh.com\/?s={search_term_string}\"},\"query-input\":{\"@type\":\"PropertyValueSpecification\",\"valueRequired\":true,\"valueName\":\"search_term_string\"}}],\"inLanguage\":\"de\"},{\"@type\":\"Organization\",\"@id\":\"https:\/\/glamour-fresh.com\/#organization\",\"name\":\"Glamour Fresh | Expertos en mangos por avi\u00f3n y frutas tropicales\",\"alternateName\":\"Glamour-Fresh\",\"url\":\"https:\/\/glamour-fresh.com\/\",\"logo\":{\"@type\":\"ImageObject\",\"inLanguage\":\"de\",\"@id\":\"https:\/\/glamour-fresh.com\/#\/schema\/logo\/image\/\",\"url\":\"https:\/\/glamour-fresh.com\/wp-content\/uploads\/2022\/10\/Glamour-Fresh-e1666953012399.png\",\"contentUrl\":\"https:\/\/glamour-fresh.com\/wp-content\/uploads\/2022\/10\/Glamour-Fresh-e1666953012399.png\",\"width\":1000,\"height\":351,\"caption\":\"Glamour Fresh | Expertos en mangos por avi\u00f3n y frutas tropicales\"},\"image\":{\"@id\":\"https:\/\/glamour-fresh.com\/#\/schema\/logo\/image\/\"},\"sameAs\":[\"https:\/\/www.facebook.com\/glamourfreshmangos\/\",\"https:\/\/www.linkedin.com\/company\/29023025\",\"https:\/\/www.instagram.com\/glamour_fresh\"]}]}<\/script>\n<!-- \/ Yoast SEO plugin. -->","yoast_head_json":{"title":"Datenschutz - Glamour Fresh | Expertos en mangos por avi\u00f3n y frutas tropicales","robots":{"index":"index","follow":"follow","max-snippet":"max-snippet:-1","max-image-preview":"max-image-preview:large","max-video-preview":"max-video-preview:-1"},"canonical":"https:\/\/glamour-fresh.com\/politica-de-privacidad\/","og_locale":"de_DE","og_type":"article","og_title":"Datenschutz - Glamour Fresh | Expertos en mangos por avi\u00f3n y frutas tropicales","og_url":"https:\/\/glamour-fresh.com\/politica-de-privacidad\/","og_site_name":"Glamour Fresh | Expertos en mangos por avi\u00f3n y frutas tropicales","article_publisher":"https:\/\/www.facebook.com\/glamourfreshmangos\/","article_modified_time":"2023-03-06T11:50:47+00:00","og_image":[{"url":"https:\/\/glamour-fresh.com\/wp-content\/uploads\/2022\/02\/Glamour-Fresh-Sabor-del-an\u0303o.webp","width":1270,"height":847,"type":"image\/webp"}],"twitter_card":"summary_large_image","twitter_misc":{"Gesch\u00e4tzte Lesezeit":"7\u00a0Minuten"},"schema":{"@context":"https:\/\/schema.org","@graph":[{"@type":"WebPage","@id":"https:\/\/glamour-fresh.com\/politica-de-privacidad\/","url":"https:\/\/glamour-fresh.com\/politica-de-privacidad\/","name":"Datenschutz - Glamour Fresh | Expertos en mangos por avi\u00f3n y frutas tropicales","isPartOf":{"@id":"https:\/\/glamour-fresh.com\/#website"},"datePublished":"2022-07-21T17:19:45+00:00","dateModified":"2023-03-06T11:50:47+00:00","breadcrumb":{"@id":"https:\/\/glamour-fresh.com\/politica-de-privacidad\/#breadcrumb"},"inLanguage":"de","potentialAction":[{"@type":"ReadAction","target":["https:\/\/glamour-fresh.com\/politica-de-privacidad\/"]}]},{"@type":"BreadcrumbList","@id":"https:\/\/glamour-fresh.com\/politica-de-privacidad\/#breadcrumb","itemListElement":[{"@type":"ListItem","position":1,"name":"Portada","item":"https:\/\/glamour-fresh.com\/de\/"},{"@type":"ListItem","position":2,"name":"Datenschutz"}]},{"@type":"WebSite","@id":"https:\/\/glamour-fresh.com\/#website","url":"https:\/\/glamour-fresh.com\/","name":"Glamour Fresh | Expertos en mangos por avi\u00f3n y frutas tropicales","description":"Frutas Premium con garant\u00eda de calidad","publisher":{"@id":"https:\/\/glamour-fresh.com\/#organization"},"alternateName":"Glamour-Fresh","potentialAction":[{"@type":"SearchAction","target":{"@type":"EntryPoint","urlTemplate":"https:\/\/glamour-fresh.com\/?s={search_term_string}"},"query-input":{"@type":"PropertyValueSpecification","valueRequired":true,"valueName":"search_term_string"}}],"inLanguage":"de"},{"@type":"Organization","@id":"https:\/\/glamour-fresh.com\/#organization","name":"Glamour Fresh | Expertos en mangos por avi\u00f3n y frutas tropicales","alternateName":"Glamour-Fresh","url":"https:\/\/glamour-fresh.com\/","logo":{"@type":"ImageObject","inLanguage":"de","@id":"https:\/\/glamour-fresh.com\/#\/schema\/logo\/image\/","url":"https:\/\/glamour-fresh.com\/wp-content\/uploads\/2022\/10\/Glamour-Fresh-e1666953012399.png","contentUrl":"https:\/\/glamour-fresh.com\/wp-content\/uploads\/2022\/10\/Glamour-Fresh-e1666953012399.png","width":1000,"height":351,"caption":"Glamour Fresh | Expertos en mangos por avi\u00f3n y frutas tropicales"},"image":{"@id":"https:\/\/glamour-fresh.com\/#\/schema\/logo\/image\/"},"sameAs":["https:\/\/www.facebook.com\/glamourfreshmangos\/","https:\/\/www.linkedin.com\/company\/29023025","https:\/\/www.instagram.com\/glamour_fresh"]}]}},"_links":{"self":[{"href":"https:\/\/glamour-fresh.com\/de\/wp-json\/wp\/v2\/pages\/4569","targetHints":{"allow":["GET"]}}],"collection":[{"href":"https:\/\/glamour-fresh.com\/de\/wp-json\/wp\/v2\/pages"}],"about":[{"href":"https:\/\/glamour-fresh.com\/de\/wp-json\/wp\/v2\/types\/page"}],"author":[{"embeddable":true,"href":"https:\/\/glamour-fresh.com\/de\/wp-json\/wp\/v2\/users\/1"}],"replies":[{"embeddable":true,"href":"https:\/\/glamour-fresh.com\/de\/wp-json\/wp\/v2\/comments?post=4569"}],"version-history":[{"count":7,"href":"https:\/\/glamour-fresh.com\/de\/wp-json\/wp\/v2\/pages\/4569\/revisions"}],"predecessor-version":[{"id":5428,"href":"https:\/\/glamour-fresh.com\/de\/wp-json\/wp\/v2\/pages\/4569\/revisions\/5428"}],"wp:attachment":[{"href":"https:\/\/glamour-fresh.com\/de\/wp-json\/wp\/v2\/media?parent=4569"}],"curies":[{"name":"wp","href":"https:\/\/api.w.org\/{rel}","templated":true}]}}