{"id":4802,"date":"2022-07-21T17:04:48","date_gmt":"2022-07-21T17:04:48","guid":{"rendered":"https:\/\/glamour-fresh.com\/?page_id=4802"},"modified":"2023-05-11T16:12:49","modified_gmt":"2023-05-11T16:12:49","slug":"politica-csa","status":"publish","type":"page","link":"https:\/\/glamour-fresh.com\/it\/politica-csa\/","title":{"rendered":"Politica CSA"},"content":{"rendered":"<div class=\"fusion-fullwidth fullwidth-box fusion-builder-row-1 fusion-flex-container nonhundred-percent-fullwidth non-hundred-percent-height-scrolling\" style=\"--awb-border-sizes-top:0px;--awb-border-sizes-bottom:1px;--awb-border-sizes-left:0px;--awb-border-sizes-right:0px;--awb-border-color:var(--awb-color4);--awb-border-radius-top-left:0px;--awb-border-radius-top-right:0px;--awb-border-radius-bottom-right:0px;--awb-border-radius-bottom-left:0px;--awb-padding-top:10px;--awb-padding-bottom:10px;--awb-flex-wrap:wrap;\" ><div class=\"fusion-builder-row fusion-row fusion-flex-align-items-center fusion-flex-content-wrap\" style=\"max-width:1320.8px;margin-left: calc(-4% \/ 2 );margin-right: calc(-4% \/ 2 );\"><div class=\"fusion-layout-column fusion_builder_column fusion-builder-column-0 fusion_builder_column_1_2 1_2 fusion-flex-column\" style=\"--awb-bg-size:cover;--awb-width-large:50%;--awb-margin-top-large:25px;--awb-spacing-right-large:3.84%;--awb-margin-bottom-large:25px;--awb-spacing-left-large:3.84%;--awb-width-medium:83.333333333333%;--awb-order-medium:0;--awb-spacing-right-medium:2.304%;--awb-spacing-left-medium:2.304%;--awb-width-small:83.333333333333%;--awb-order-small:0;--awb-spacing-right-small:2.304%;--awb-spacing-left-small:2.304%;\"><div class=\"fusion-column-wrapper fusion-column-has-shadow fusion-flex-justify-content-flex-start fusion-content-layout-column\"><div class=\"fusion-title title fusion-title-1 fusion-sep-none fusion-title-text fusion-title-size-two\" style=\"--awb-margin-bottom:5px;\"><h2 class=\"fusion-title-heading title-heading-left fusion-responsive-typography-calculated\" style=\"margin:0;--fontSize:44;line-height:1.2;\">Politica CSA<\/h2><\/div><\/div><\/div><div class=\"fusion-layout-column fusion_builder_column fusion-builder-column-1 fusion_builder_column_1_2 1_2 fusion-flex-column\" style=\"--awb-bg-size:cover;--awb-width-large:50%;--awb-margin-top-large:25px;--awb-spacing-right-large:3.84%;--awb-margin-bottom-large:25px;--awb-spacing-left-large:3.84%;--awb-width-medium:16.666666666667%;--awb-order-medium:0;--awb-spacing-right-medium:11.52%;--awb-spacing-left-medium:11.52%;--awb-width-small:16.666666666667%;--awb-order-small:0;--awb-spacing-right-small:11.52%;--awb-spacing-left-small:11.52%;\"><div class=\"fusion-column-wrapper fusion-column-has-shadow fusion-flex-justify-content-flex-start fusion-content-layout-column\"><div class=\"fusion-image-element \" style=\"text-align:right;--awb-max-width:40px;--awb-caption-title-font-family:var(--h2_typography-font-family);--awb-caption-title-font-weight:var(--h2_typography-font-weight);--awb-caption-title-font-style:var(--h2_typography-font-style);--awb-caption-title-size:var(--h2_typography-font-size);--awb-caption-title-transform:var(--h2_typography-text-transform);--awb-caption-title-line-height:var(--h2_typography-line-height);--awb-caption-title-letter-spacing:var(--h2_typography-letter-spacing);\"><span class=\" fusion-imageframe imageframe-none imageframe-1 hover-type-none\"><img decoding=\"async\" width=\"62\" height=\"64\" src=\"data:image\/svg+xml,%3Csvg%20xmlns%3D%27http%3A%2F%2Fwww.w3.org%2F2000%2Fsvg%27%20width%3D%2762%27%20height%3D%2764%27%20viewBox%3D%270%200%2062%2064%27%3E%3Crect%20width%3D%2762%27%20height%3D%2764%27%20fill-opacity%3D%220%22%2F%3E%3C%2Fsvg%3E\" data-orig-src=\"https:\/\/glamour-fresh.com\/wp-content\/uploads\/2022\/06\/Favicon-Glamour-Fresh.png\" alt class=\"lazyload img-responsive wp-image-4648\"\/><\/span><\/div><\/div><\/div><\/div><\/div><div class=\"fusion-fullwidth fullwidth-box fusion-builder-row-2 fusion-flex-container nonhundred-percent-fullwidth non-hundred-percent-height-scrolling\" style=\"--awb-border-radius-top-left:0px;--awb-border-radius-top-right:0px;--awb-border-radius-bottom-right:0px;--awb-border-radius-bottom-left:0px;--awb-padding-top:3%;--awb-flex-wrap:wrap;\" ><div class=\"fusion-builder-row fusion-row fusion-flex-align-items-flex-start fusion-flex-content-wrap\" style=\"max-width:1320.8px;margin-left: calc(-4% \/ 2 );margin-right: calc(-4% \/ 2 );\"><div class=\"fusion-layout-column fusion_builder_column fusion-builder-column-2 fusion_builder_column_1_1 1_1 fusion-flex-column\" style=\"--awb-bg-size:cover;--awb-width-large:100%;--awb-margin-top-large:0px;--awb-spacing-right-large:1.92%;--awb-margin-bottom-large:0px;--awb-spacing-left-large:1.92%;--awb-width-medium:100%;--awb-spacing-right-medium:1.92%;--awb-spacing-left-medium:1.92%;--awb-width-small:100%;--awb-spacing-right-small:1.92%;--awb-spacing-left-small:1.92%;\"><div class=\"fusion-column-wrapper fusion-flex-justify-content-flex-start fusion-content-layout-column\"><div class=\"fusion-text fusion-text-1\"><\/p>\n<p>Il top management di <b>GLAMOUR FRESH SL<\/b>, societ\u00e0 dedita all&#8217;adeguatezza e alla commercializzazione di frutta e verdura, al fine di garantire lo sviluppo e l&#8217;implementazione del sistema CSA e il <u>miglioramento continuo<\/u> della sua efficacia, si impegna a:<\/p>\n<ul>\n<li>Garantire l&#8217;esistenza di meccanismi per identificare i bisogni e la soddisfazione dei clienti<\/li>\n<li>Comunicare a tutta l&#8217;organizzazione l&#8217;importanza di identificare e soddisfare i requisiti del cliente, nonch\u00e9 i requisiti legali e normativi, attraverso mezzi stabiliti.<\/li>\n<li>Diffondere questa politica, quadro di riferimento per la creazione degli obiettivi CSA, a tutti i lavoratori dell&#8217;azienda.<\/li>\n<li>Estendere il proprio impegno per l&#8217;ambiente a tutti i processi produttivi dell&#8217;organizzazione e alla formazione del personale, nonch\u00e9 per garantire la sostenibilit\u00e0 di detti processi.<\/li>\n<li>Implementare un impegno a livello di organizzazione per la cultura della sicurezza dei prodotti.<\/li>\n<li>Garantire l&#8217;esistenza di processi di analisi, misurazione, monitoraggio e miglioramento per:\n<ul>\n<li>Dimostrare la conformit\u00e0 dei prodotti e del servizio fornito.<\/li>\n<li>Garantire la sicurezza, la qualit\u00e0 e la legalit\u00e0 del prodotto<\/li>\n<li>Rendere disponibili ai nostri clienti specifiche di prodotto chiare in cui sono soddisfatti tutti i requisiti legali applicabili.<\/li>\n<li>La conformit\u00e0 e l&#8217;efficacia del Sistema CSA, ovvero la conformit\u00e0 e l&#8217;efficacia di tutti i Processi relativi alle specifiche di prodotto.<\/li>\n<\/ul>\n<\/li>\n<li>Garantire un ambiente di lavoro piacevole. Questo si riferisce alle condizioni in cui viene eseguito il lavoro, inclusi fattori fisici, ambientali e di altro tipo, come rumore, temperatura, umidit\u00e0, ecc.<\/li>\n<li>Saranno incoraggiati il \u200b\u200brispetto per i lavoratori e il trattamento equo e non discriminatorio, il lavoro di squadra e il cameratismo tra i diversi dipartimenti.<\/li>\n<\/ul>\n<p>Gli obiettivi derivati \u200b\u200bda questa politica saranno riesaminati annualmente e sar\u00e0 valutata la loro conformit\u00e0 alle dimensioni e alla complessit\u00e0 dell&#8217;organizzazione.<\/p><\/p>\n<\/div><\/div><\/div><\/div><\/div>","protected":false},"excerpt":{"rendered":"","protected":false},"author":1,"featured_media":0,"parent":0,"menu_order":0,"comment_status":"closed","ping_status":"closed","template":"100-width.php","meta":{"footnotes":""},"class_list":["post-4802","page","type-page","status-publish","hentry"],"yoast_head":"<!-- This site is optimized with the Yoast SEO plugin v27.5 - https:\/\/yoast.com\/product\/yoast-seo-wordpress\/ -->\n<title>Politica CSA - Glamour Fresh | Expertos en mangos por avi\u00f3n y frutas tropicales<\/title>\n<meta name=\"robots\" content=\"index, follow, max-snippet:-1, max-image-preview:large, max-video-preview:-1\" \/>\n<link rel=\"canonical\" href=\"https:\/\/glamour-fresh.com\/it\/politica-csa\/\" \/>\n<meta property=\"og:locale\" content=\"it_IT\" \/>\n<meta property=\"og:type\" content=\"article\" \/>\n<meta property=\"og:title\" content=\"Politica CSA - Glamour Fresh | Expertos en mangos por avi\u00f3n y frutas tropicales\" \/>\n<meta property=\"og:url\" content=\"https:\/\/glamour-fresh.com\/it\/politica-csa\/\" \/>\n<meta property=\"og:site_name\" content=\"Glamour Fresh | Expertos en mangos por avi\u00f3n y frutas tropicales\" \/>\n<meta property=\"article:publisher\" content=\"https:\/\/www.facebook.com\/glamourfreshmangos\/\" \/>\n<meta property=\"article:modified_time\" content=\"2023-05-11T16:12:49+00:00\" \/>\n<meta property=\"og:image\" content=\"https:\/\/glamour-fresh.com\/wp-content\/uploads\/2022\/02\/Glamour-Fresh-Sabor-del-an\u0303o.webp\" \/>\n\t<meta property=\"og:image:width\" content=\"1270\" \/>\n\t<meta property=\"og:image:height\" content=\"847\" \/>\n\t<meta property=\"og:image:type\" content=\"image\/webp\" \/>\n<meta name=\"twitter:card\" content=\"summary_large_image\" \/>\n<meta name=\"twitter:label1\" content=\"Tempo di lettura stimato\" \/>\n\t<meta name=\"twitter:data1\" content=\"5 minuti\" \/>\n<script type=\"application\/ld+json\" class=\"yoast-schema-graph\">{\"@context\":\"https:\\\/\\\/schema.org\",\"@graph\":[{\"@type\":\"WebPage\",\"@id\":\"https:\\\/\\\/glamour-fresh.com\\\/it\\\/politica-csa\\\/\",\"url\":\"https:\\\/\\\/glamour-fresh.com\\\/it\\\/politica-csa\\\/\",\"name\":\"Politica CSA - Glamour Fresh | Expertos en mangos por avi\u00f3n y frutas tropicales\",\"isPartOf\":{\"@id\":\"https:\\\/\\\/glamour-fresh.com\\\/#website\"},\"datePublished\":\"2022-07-21T17:04:48+00:00\",\"dateModified\":\"2023-05-11T16:12:49+00:00\",\"breadcrumb\":{\"@id\":\"https:\\\/\\\/glamour-fresh.com\\\/it\\\/politica-csa\\\/#breadcrumb\"},\"inLanguage\":\"it-IT\",\"potentialAction\":[{\"@type\":\"ReadAction\",\"target\":[\"https:\\\/\\\/glamour-fresh.com\\\/it\\\/politica-csa\\\/\"]}]},{\"@type\":\"BreadcrumbList\",\"@id\":\"https:\\\/\\\/glamour-fresh.com\\\/it\\\/politica-csa\\\/#breadcrumb\",\"itemListElement\":[{\"@type\":\"ListItem\",\"position\":1,\"name\":\"Portada\",\"item\":\"https:\\\/\\\/glamour-fresh.com\\\/it\\\/\"},{\"@type\":\"ListItem\",\"position\":2,\"name\":\"Politica CSA\"}]},{\"@type\":\"WebSite\",\"@id\":\"https:\\\/\\\/glamour-fresh.com\\\/#website\",\"url\":\"https:\\\/\\\/glamour-fresh.com\\\/\",\"name\":\"Glamour Fresh | Expertos en mangos por avi\u00f3n y frutas tropicales\",\"description\":\"Frutas Premium con garant\u00eda de calidad\",\"publisher\":{\"@id\":\"https:\\\/\\\/glamour-fresh.com\\\/#organization\"},\"alternateName\":\"Glamour-Fresh\",\"potentialAction\":[{\"@type\":\"SearchAction\",\"target\":{\"@type\":\"EntryPoint\",\"urlTemplate\":\"https:\\\/\\\/glamour-fresh.com\\\/?s={search_term_string}\"},\"query-input\":{\"@type\":\"PropertyValueSpecification\",\"valueRequired\":true,\"valueName\":\"search_term_string\"}}],\"inLanguage\":\"it-IT\"},{\"@type\":\"Organization\",\"@id\":\"https:\\\/\\\/glamour-fresh.com\\\/#organization\",\"name\":\"Glamour Fresh | Expertos en mangos por avi\u00f3n y frutas tropicales\",\"alternateName\":\"Glamour-Fresh\",\"url\":\"https:\\\/\\\/glamour-fresh.com\\\/\",\"logo\":{\"@type\":\"ImageObject\",\"inLanguage\":\"it-IT\",\"@id\":\"https:\\\/\\\/glamour-fresh.com\\\/#\\\/schema\\\/logo\\\/image\\\/\",\"url\":\"https:\\\/\\\/glamour-fresh.com\\\/wp-content\\\/uploads\\\/2022\\\/10\\\/Glamour-Fresh-e1666953012399.png\",\"contentUrl\":\"https:\\\/\\\/glamour-fresh.com\\\/wp-content\\\/uploads\\\/2022\\\/10\\\/Glamour-Fresh-e1666953012399.png\",\"width\":1000,\"height\":351,\"caption\":\"Glamour Fresh | Expertos en mangos por avi\u00f3n y frutas tropicales\"},\"image\":{\"@id\":\"https:\\\/\\\/glamour-fresh.com\\\/#\\\/schema\\\/logo\\\/image\\\/\"},\"sameAs\":[\"https:\\\/\\\/www.facebook.com\\\/glamourfreshmangos\\\/\",\"https:\\\/\\\/www.linkedin.com\\\/company\\\/29023025\",\"https:\\\/\\\/www.instagram.com\\\/glamour_fresh\"]}]}<\/script>\n<!-- \/ Yoast SEO plugin. -->","yoast_head_json":{"title":"Politica CSA - Glamour Fresh | Expertos en mangos por avi\u00f3n y frutas tropicales","robots":{"index":"index","follow":"follow","max-snippet":"max-snippet:-1","max-image-preview":"max-image-preview:large","max-video-preview":"max-video-preview:-1"},"canonical":"https:\/\/glamour-fresh.com\/it\/politica-csa\/","og_locale":"it_IT","og_type":"article","og_title":"Politica CSA - Glamour Fresh | Expertos en mangos por avi\u00f3n y frutas tropicales","og_url":"https:\/\/glamour-fresh.com\/it\/politica-csa\/","og_site_name":"Glamour Fresh | Expertos en mangos por avi\u00f3n y frutas tropicales","article_publisher":"https:\/\/www.facebook.com\/glamourfreshmangos\/","article_modified_time":"2023-05-11T16:12:49+00:00","og_image":[{"url":"https:\/\/glamour-fresh.com\/wp-content\/uploads\/2022\/02\/Glamour-Fresh-Sabor-del-an\u0303o.webp","width":1270,"height":847,"type":"image\/webp"}],"twitter_card":"summary_large_image","twitter_misc":{"Tempo di lettura stimato":"5 minuti"},"schema":{"@context":"https:\/\/schema.org","@graph":[{"@type":"WebPage","@id":"https:\/\/glamour-fresh.com\/it\/politica-csa\/","url":"https:\/\/glamour-fresh.com\/it\/politica-csa\/","name":"Politica CSA - Glamour Fresh | Expertos en mangos por avi\u00f3n y frutas tropicales","isPartOf":{"@id":"https:\/\/glamour-fresh.com\/#website"},"datePublished":"2022-07-21T17:04:48+00:00","dateModified":"2023-05-11T16:12:49+00:00","breadcrumb":{"@id":"https:\/\/glamour-fresh.com\/it\/politica-csa\/#breadcrumb"},"inLanguage":"it-IT","potentialAction":[{"@type":"ReadAction","target":["https:\/\/glamour-fresh.com\/it\/politica-csa\/"]}]},{"@type":"BreadcrumbList","@id":"https:\/\/glamour-fresh.com\/it\/politica-csa\/#breadcrumb","itemListElement":[{"@type":"ListItem","position":1,"name":"Portada","item":"https:\/\/glamour-fresh.com\/it\/"},{"@type":"ListItem","position":2,"name":"Politica CSA"}]},{"@type":"WebSite","@id":"https:\/\/glamour-fresh.com\/#website","url":"https:\/\/glamour-fresh.com\/","name":"Glamour Fresh | Expertos en mangos por avi\u00f3n y frutas tropicales","description":"Frutas Premium con garant\u00eda de calidad","publisher":{"@id":"https:\/\/glamour-fresh.com\/#organization"},"alternateName":"Glamour-Fresh","potentialAction":[{"@type":"SearchAction","target":{"@type":"EntryPoint","urlTemplate":"https:\/\/glamour-fresh.com\/?s={search_term_string}"},"query-input":{"@type":"PropertyValueSpecification","valueRequired":true,"valueName":"search_term_string"}}],"inLanguage":"it-IT"},{"@type":"Organization","@id":"https:\/\/glamour-fresh.com\/#organization","name":"Glamour Fresh | Expertos en mangos por avi\u00f3n y frutas tropicales","alternateName":"Glamour-Fresh","url":"https:\/\/glamour-fresh.com\/","logo":{"@type":"ImageObject","inLanguage":"it-IT","@id":"https:\/\/glamour-fresh.com\/#\/schema\/logo\/image\/","url":"https:\/\/glamour-fresh.com\/wp-content\/uploads\/2022\/10\/Glamour-Fresh-e1666953012399.png","contentUrl":"https:\/\/glamour-fresh.com\/wp-content\/uploads\/2022\/10\/Glamour-Fresh-e1666953012399.png","width":1000,"height":351,"caption":"Glamour Fresh | Expertos en mangos por avi\u00f3n y frutas tropicales"},"image":{"@id":"https:\/\/glamour-fresh.com\/#\/schema\/logo\/image\/"},"sameAs":["https:\/\/www.facebook.com\/glamourfreshmangos\/","https:\/\/www.linkedin.com\/company\/29023025","https:\/\/www.instagram.com\/glamour_fresh"]}]}},"_links":{"self":[{"href":"https:\/\/glamour-fresh.com\/it\/wp-json\/wp\/v2\/pages\/4802","targetHints":{"allow":["GET"]}}],"collection":[{"href":"https:\/\/glamour-fresh.com\/it\/wp-json\/wp\/v2\/pages"}],"about":[{"href":"https:\/\/glamour-fresh.com\/it\/wp-json\/wp\/v2\/types\/page"}],"author":[{"embeddable":true,"href":"https:\/\/glamour-fresh.com\/it\/wp-json\/wp\/v2\/users\/1"}],"replies":[{"embeddable":true,"href":"https:\/\/glamour-fresh.com\/it\/wp-json\/wp\/v2\/comments?post=4802"}],"version-history":[{"count":9,"href":"https:\/\/glamour-fresh.com\/it\/wp-json\/wp\/v2\/pages\/4802\/revisions"}],"predecessor-version":[{"id":5509,"href":"https:\/\/glamour-fresh.com\/it\/wp-json\/wp\/v2\/pages\/4802\/revisions\/5509"}],"wp:attachment":[{"href":"https:\/\/glamour-fresh.com\/it\/wp-json\/wp\/v2\/media?parent=4802"}],"curies":[{"name":"wp","href":"https:\/\/api.w.org\/{rel}","templated":true}]}}